{"id":1190,"date":"2015-05-09T14:22:06","date_gmt":"2015-05-09T14:22:06","guid":{"rendered":"http:\/\/birdproductions.de\/?page_id=1190"},"modified":"2023-03-29T10:46:48","modified_gmt":"2023-03-29T10:46:48","slug":"musikschule-im-aufbau","status":"publish","type":"page","link":"https:\/\/birdproductions.de\/?page_id=1190","title":{"rendered":"Musikschule &#8220;Musiklaboratorium Berlin&#8221;"},"content":{"rendered":"<p>Lebendiger, motivierender Unterricht von erfahrenen, freundlichen Lehrerinnen und\u00a0Lehrern mit viel Einf\u00fchlungsverm\u00f6gen f\u00fcr Kinder und Erwachsene, Anf\u00e4nger und Fortgeschrittene, bis hin zur Profi-Ausbildung.<\/p>\n<p><a href=\"http:\/\/birdproductions.de\/wp-content\/uploads\/2018\/07\/Astrid-mit-Sch\u00fclern-2-edit.jpg\"><img loading=\"lazy\" decoding=\"async\" class=\"alignnone size-medium wp-image-1380\" title=\"Astrid mit Sch\u00fclern 2 edit\" src=\"http:\/\/birdproductions.de\/wp-content\/uploads\/2018\/07\/Astrid-mit-Sch\u00fclern-2-edit-300x270.jpg\" alt=\"\" width=\"300\" height=\"270\" srcset=\"https:\/\/birdproductions.de\/wp-content\/uploads\/2018\/07\/Astrid-mit-Sch\u00fclern-2-edit-300x270.jpg 300w, https:\/\/birdproductions.de\/wp-content\/uploads\/2018\/07\/Astrid-mit-Sch\u00fclern-2-edit-1024x922.jpg 1024w\" sizes=\"(max-width: 300px) 100vw, 300px\" \/><\/a><\/p>\n<div><\/div>\n<div><\/div>\n<div><a href=\"http:\/\/birdproductions.de\/wp-content\/uploads\/2016\/04\/Musiktheorieworkshop-f\u00fcr-Kinder-2-edit-136-px-h\u00f6he.jpg\"><img loading=\"lazy\" decoding=\"async\" class=\"alignnone size-full wp-image-1306\" title=\"Musiktheorieworkshop f\u00fcr Kinder 2 edit 136 px h\u00f6he\" src=\"http:\/\/birdproductions.de\/wp-content\/uploads\/2016\/04\/Musiktheorieworkshop-f\u00fcr-Kinder-2-edit-136-px-h\u00f6he.jpg\" alt=\"\" width=\"179\" height=\"136\" \/><\/a>\u00a0 \u00a0 \u00a0 \u00a0<a href=\"http:\/\/birdproductions.de\/wp-content\/uploads\/2016\/04\/Gitarrenunterricht-Ivonne-M\u00e4rz-15-edit-187-px-breit.jpg\"><img loading=\"lazy\" decoding=\"async\" class=\"alignnone size-full wp-image-1299\" title=\"Gitarrenunterricht Ivonne M\u00e4rz 15 edit 187 px breit\" src=\"http:\/\/birdproductions.de\/wp-content\/uploads\/2016\/04\/Gitarrenunterricht-Ivonne-M\u00e4rz-15-edit-187-px-breit.jpg\" alt=\"\" width=\"187\" height=\"136\" \/><\/a><\/div>\n<div><\/div>\n<div><\/div>\n<div>\n<p><strong>Mission:<\/strong><\/p>\n<p>Musikunterricht richtig gut machen ! Musik verst\u00e4ndlich machen, mit Enthusiasmus, Spass und Leidenschaft vermitteln !<\/p>\n<p>Menschen bei allen Aspekten des Musikmachens unterst\u00fczen.<\/p>\n<p>&#8211; Von den ersten Schritten am Instrument, bis zum letzten Schliff als Profimusiker.<br \/>\n&#8211; Vom erlernen von Harmonielehre, bis zu fortgeschrittenen Arrangier- und Programmiertechniken.<br \/>\n&#8211; Vom \u00dcberwinden von \u00dcbungs- und Schreibblokaden, \u00fcber das Entwickeln einer eigenen k\u00fcnstlerischen Identit\u00e4t, bis hin zur \u00a0professionellen Produktion und Vermarktung von Songs.<\/p>\n<\/div>\n<p><strong>Preise:<\/strong>\u00a0Klick bitte <a href=\"http:\/\/birdproductions.de\/?page_id=244\" target=\"_blank\" rel=\"noopener noreferrer\">hier<\/a><\/p>\n<p><strong style=\"font-size: inherit;\">AGB:<\/strong><span style=\"font-size: inherit;\">\u00a0Klick bitte <\/span><a style=\"font-size: inherit;\" href=\"http:\/\/birdproductions.de\/?page_id=246\" target=\"_blank\" rel=\"noopener noreferrer\">hier<\/a><\/p>\n<div><strong style=\"font-size: inherit;\">Kontakt:\u00a0<\/strong><span style=\"font-size: inherit;\">Klick\u00a0bitte\u00a0<\/span><a style=\"font-size: inherit;\" href=\"http:\/\/birdproductions.de\/?page_id=258\" target=\"_blank\" rel=\"noopener noreferrer\">hier<\/a><\/div>\n<p><span style=\"color: #ffffff;\">&#8230;<\/span><\/p>\n<p><strong>Konzept:<\/strong><\/p>\n<p>Unser p\u00e4dagogisches Konzept: Menschen !<br \/>\nIch bin davon \u00fcberzeugt, dass die beste P\u00e4dagogik ganz von alleine passiert indem man gute Menschen als Lehrer ausw\u00e4hlt. Menschen mit einer gewissen inneren Qualit\u00e4t. Menschen mit Einf\u00fchlungsverm\u00f6gen. Menschen, die das Unterrichten mit Leidenschaft und Enthusiasmus betreiben und die F\u00e4higkeit haben sich dem Sch\u00fcler ganz zuzuwenden.<br \/>\nSolche Menschen zu finden die gleichzeitig noch talentierte Musiker \u00a0sind, ist nicht immer leicht.\u00a0Ich w\u00e4hle meine Lehrer sehr sorgf\u00e4ltig aus und lasse mir damit viel Zeit.<br \/>\nWir tauschen uns regelm\u00e4ssig \u00fcber die einzelnen Sch\u00fcler und das Unterrichten im allgemeinen aus, den wir wollen eine hohe Qualit\u00e4t des Unterrichts gew\u00e4hrleisten und uns gemeinsam weiter verbessern.<\/p>\n<p>Wir k\u00fcmmern uns um die langfristige Entwicklung unserer Sch\u00fclerinnen und Sch\u00fcler in dem wir einen detaillierten Lern- und \u00dcbeplan zusammen stellen. Wir f\u00fchren ein Unterrichtstagebuch, und nach jeder Stunde bekommen unsere Sch\u00fclerinnen und Sch\u00fcler die aktualisierte Fassung zugeschickt.<\/p>\n<p>Zu unserem Konzept geh\u00f6rt auch , das wir unsere Sch\u00fcler dazu ermuntern an Gruppen-Workshops teilzunehmen die meist aus zwei bis vier Teilnehmern bestehen: angeleitetes jammen, Rhythmik, Geh\u00f6rbildung, Musiktheorie, Songwriting, Improvisation, Bandcoaching, Arrangement und Musikproduktion.\u00a0Die Kombination aus Einzelunterricht und diesen Gruppenaktivit\u00e4ten gibt dem Musikmachen bei uns seinen besonderen Reiz. Jeder Sch\u00fcler hat da seine besonderen Interessen und zeitlichen M\u00f6glichkeiten, daher versuchen wir auf jeden individuell einzugehen. Nat\u00fcrlich kann man es auch bei ganz &#8220;normalem&#8221; Unterricht bewenden lassen wenn man das m\u00f6chte.<\/p>\n<p>Wie man auf der <a href=\"http:\/\/birdproductions.de\/?page_id=79\">Musikproduktion \/ Artist Developement<\/a> Sektion dieser Website sehen kann, befasse ich mich auch mit genau dem: Musikproduktion und K\u00fcnstlerentwicklung. Diese verschiedenen Berreiche sbefruchten sich gegenseitig. So manch einer der bei uns mit Instrumentalunterricht anf\u00e4ngt , tr\u00e4umt davon in einer Band zu spielen und \/ oder seine eigenen Songs zu schreiben, arrangieren und aufzunehmen. Ich ermuntere zum gemeinsamen Musikmachen, vermittele Musiker, Studios und Produzenten, soweit ich nicht selbst Hand anlege.<\/p>\n<p>Besuch uns doch auch auf <a href=\"https:\/\/www.facebook.com\/musiklaboratorium\" target=\"_blank\" rel=\"noopener noreferrer\">Facebook<\/a>\u00a0 und auf <a href=\"https:\/\/www.youtube.com\/channel\/UCu27KkU25XYVwfaE_Q9TwoA\" target=\"_blank\" rel=\"noopener noreferrer\">youtube<\/a>!<\/p>\n<div>\n<p align=\"JUSTIFY\">Lust auf eine Probestunde ? Kontaktiere uns bitte <a href=\"http:\/\/birdproductions.de\/?page_id=258\">hier<\/a>.<\/p>\n<\/div>\n<div>Herzliche Gr\u00fcsse,<\/div>\n<div>Friedrich Schapper<br \/>\n(Inhaber Musiklaboratorium)<\/div>\n<div>\n<\/div>\n","protected":false},"excerpt":{"rendered":"<p>Lebendiger, motivierender Unterricht von erfahrenen, freundlichen Lehrerinnen und\u00a0Lehrern mit viel Einf\u00fchlungsverm\u00f6gen f\u00fcr Kinder und Erwachsene, Anf\u00e4nger und Fortgeschrittene, bis hin zur Profi-Ausbildung. \u00a0 \u00a0 \u00a0 \u00a0 Mission: Musikunterricht richtig gut machen ! Musik verst\u00e4ndlich machen, mit Enthusiasmus, Spass und Leidenschaft vermitteln ! Menschen bei allen Aspekten des Musikmachens unterst\u00fczen. &#8211; Von den ersten Schritten am [&hellip;]<\/p>\n","protected":false},"author":1,"featured_media":0,"parent":84,"menu_order":0,"comment_status":"closed","ping_status":"open","template":"","meta":{"footnotes":""},"_links":{"self":[{"href":"https:\/\/birdproductions.de\/index.php?rest_route=\/wp\/v2\/pages\/1190"}],"collection":[{"href":"https:\/\/birdproductions.de\/index.php?rest_route=\/wp\/v2\/pages"}],"about":[{"href":"https:\/\/birdproductions.de\/index.php?rest_route=\/wp\/v2\/types\/page"}],"author":[{"embeddable":true,"href":"https:\/\/birdproductions.de\/index.php?rest_route=\/wp\/v2\/users\/1"}],"replies":[{"embeddable":true,"href":"https:\/\/birdproductions.de\/index.php?rest_route=%2Fwp%2Fv2%2Fcomments&post=1190"}],"version-history":[{"count":57,"href":"https:\/\/birdproductions.de\/index.php?rest_route=\/wp\/v2\/pages\/1190\/revisions"}],"predecessor-version":[{"id":1456,"href":"https:\/\/birdproductions.de\/index.php?rest_route=\/wp\/v2\/pages\/1190\/revisions\/1456"}],"up":[{"embeddable":true,"href":"https:\/\/birdproductions.de\/index.php?rest_route=\/wp\/v2\/pages\/84"}],"wp:attachment":[{"href":"https:\/\/birdproductions.de\/index.php?rest_route=%2Fwp%2Fv2%2Fmedia&parent=1190"}],"curies":[{"name":"wp","href":"https:\/\/api.w.org\/{rel}","templated":true}]}}