{"id":1399,"date":"2018-07-18T18:42:42","date_gmt":"2018-07-18T18:42:42","guid":{"rendered":"http:\/\/birdproductions.de\/?page_id=1399"},"modified":"2024-06-22T17:31:33","modified_gmt":"2024-06-22T17:31:33","slug":"impressum","status":"publish","type":"page","link":"https:\/\/birdproductions.de\/?page_id=1399","title":{"rendered":"Impressum"},"content":{"rendered":"<p>Friedrich Schapper<br \/>\nEberhardstrasse 62<br \/>\n10367 Berlin<br \/>\nTel.: 0174 71 66 666<br \/>\n<span style=\"color: #0000ff;\"><span style=\"color: #111111;\"><span style=\"font-size: small;\"><a href=\"mailto:friedrich.musiklaboratorium@gmail.com\">friedrich.musiklaboratorium@gmail.com<\/a><\/span><\/span><\/span><\/p>\n<p>Haftungshinweis: Trotz sorgf\u00e4ltiger inhaltlicher Kontrolle \u00fcbernehmen wir keine Haftung f\u00fcr die Inhalte externer Links. F\u00fcr den Inhalt der verlinkten Seiten sind ausschlie\u00dflich deren Betreiber verantwortlich.<\/p>\n","protected":false},"excerpt":{"rendered":"<p>Friedrich Schapper Eberhardstrasse 62 10367 Berlin Tel.: 0174 71 66 666 friedrich.musiklaboratorium@gmail.com Haftungshinweis: Trotz sorgf\u00e4ltiger inhaltlicher Kontrolle \u00fcbernehmen wir keine Haftung f\u00fcr die Inhalte externer Links. F\u00fcr den Inhalt der verlinkten Seiten sind ausschlie\u00dflich deren Betreiber verantwortlich.<\/p>\n","protected":false},"author":1,"featured_media":0,"parent":0,"menu_order":0,"comment_status":"open","ping_status":"open","template":"","meta":{"footnotes":""},"_links":{"self":[{"href":"https:\/\/birdproductions.de\/index.php?rest_route=\/wp\/v2\/pages\/1399"}],"collection":[{"href":"https:\/\/birdproductions.de\/index.php?rest_route=\/wp\/v2\/pages"}],"about":[{"href":"https:\/\/birdproductions.de\/index.php?rest_route=\/wp\/v2\/types\/page"}],"author":[{"embeddable":true,"href":"https:\/\/birdproductions.de\/index.php?rest_route=\/wp\/v2\/users\/1"}],"replies":[{"embeddable":true,"href":"https:\/\/birdproductions.de\/index.php?rest_route=%2Fwp%2Fv2%2Fcomments&post=1399"}],"version-history":[{"count":9,"href":"https:\/\/birdproductions.de\/index.php?rest_route=\/wp\/v2\/pages\/1399\/revisions"}],"predecessor-version":[{"id":1462,"href":"https:\/\/birdproductions.de\/index.php?rest_route=\/wp\/v2\/pages\/1399\/revisions\/1462"}],"wp:attachment":[{"href":"https:\/\/birdproductions.de\/index.php?rest_route=%2Fwp%2Fv2%2Fmedia&parent=1399"}],"curies":[{"name":"wp","href":"https:\/\/api.w.org\/{rel}","templated":true}]}}