{"id":151,"date":"2010-08-29T00:48:32","date_gmt":"2010-08-29T00:48:32","guid":{"rendered":"http:\/\/birdproductions.de\/?page_id=151"},"modified":"2013-04-10T11:01:13","modified_gmt":"2013-04-10T11:01:13","slug":"musik","status":"publish","type":"page","link":"https:\/\/birdproductions.de\/?page_id=151","title":{"rendered":"Music"},"content":{"rendered":"<p>Hier ein paar Songs von meinem letzten Projekt mit dem Hamburger S\u00e4nger und Songschreiber Mat Bahr:<\/p>\n<p><a title=\"Wahre Worte\" onclick=\"window.open('http:\/\/www.myspace.com\/music\/player?sid=59523838&amp;ac=now','','scrollbars=yes,resizable=yes,width=200,height=450,left=1,top=1');return false;\" href=\"http:\/\/www.myspace.com\/music\/player?sid=59523838&amp;ac=now\" target=\"_blank\">&#8220;Wahre Worte&#8221;<\/a><\/p>\n<p>Scharfe, funkige Rocknummer. Haben Mat und ich zusammen geschrieben. Er hat&#8217;s gesungen, ich den Rest gemacht (Gitarren, Keyboards, Arrangement, Programming, Mixing etc.)<\/p>\n<p><a onclick=\"window.open('http:\/\/www.myspace.com\/music\/player?sid=32829298&amp;ac=now','','scrollbars=yes,resizable=yes,width=200,height=450,left=1,top=1');return false;\" href=\"http:\/\/www.myspace.com\/music\/player?sid=32829298&amp;ac=now\" target=\"_blank\">&#8220;Der Sommer Bist Du&#8221;<\/a><\/p>\n<p>Coole, Reggae\/ R&amp;B angehauchte Geschichte. Mat hat&#8217;s geschrieben , gesungen und die Akustische eingespielt. Alles andere von mir\u00a0 (Gitarren, Keyboards, Arrangement, Programming, Mixing etc.). Sommerhit Material. Ich schw\u00f6re, er hat&#8217;s in Unterhose gesungen. Es war heiss im Studio, passt zum Song denke ich\u00a0 \ud83d\ude42<\/p>\n<p><a title=\"Sturm\" onclick=\"window.open('http:\/\/www.myspace.com\/music\/player?sid=50365815&amp;ac=now','','scrollbars=yes,resizable=yes,width=200,height=450,left=1,top=1');return false;\" href=\"http:\/\/www.myspace.com\/music\/player?sid=50365815&amp;ac=now\" target=\"_blank\">&#8220;Sturm&#8221;<\/a><\/p>\n<p>Leidenschaftlich gesungen und geschrieben hat er das finde ich. Fette Poprocknummer mit Indie Einfl\u00fcssen. Mat hat&#8217;s geschrieben , gesungen und die Akustische eingespielt. Alles andere von mir wie \u00fcblich (Gitarren, Keyboards, Arrangement, Programming, Mixing etc.)<br \/>\n<span style=\"color: #ffffff;\">&#8230;<\/span><br \/>\n<span style=\"color: #ffffff;\">&#8230;<\/span><br \/>\nNun ein paar Songs von meiner Londoner Band. Ende der 90er waren wir in den einschl\u00e4gigen Londoner Clubs gut unterwegs, unsere Demos kamen bei Labels und Management\u00a0 Firmen sehr gut an. Die Geschichte endete damit das unser Bassmann sein\u00a0 j\u00e4hzorniges Temperament nicht z\u00fcgeln konnte und mit dem Soundengineer in einem Club in Kentish Town aneinander geriet. Da unser Bassist Oberarme wie Du und ich Oberschenkel hat, ging\u2019s dem Tontechniker hinterher nicht so gut und in den daraus resultierenden Wirren fiel die Band dann auseinander. Typisch irgendwie, immer Chaos in London, im Positiven wie im Negativen&#8230;.<\/p>\n<p>Geld ist immer verdammt knapp wenn man in London lebt und Musik macht, deswegen ist der Sound nicht ganz so \u201epolished\u201c wie wir das gerne gehabt h\u00e4tten (Live Schlagzeug w\u00e4re sicher besser gewesen als Midi-Drums und ein richtiger Fl\u00fcgel besser als so ein zickiges, \u00fcberkomprimiertes Midi-Piano), aber cooles Material.<\/p>\n<h5 style=\"font-size: 13px; font-weight: bold;\"><strong style=\"font-size: 13px; font-weight: bold;\"> No Love<\/strong><br \/>\n\t<audio id=\"wp_mep_1\" src=\"http:\/\/birdproductions.de\/wp-content\/uploads\/2012\/10\/NoLoveMast103061.mp3\"     controls=\"controls\" preload=\"none\"  >\r\n\t\t\r\n\t\t\r\n\t\t\r\n\t\t\r\n\t\t\r\n\t\t\r\n\t\t\r\n\t<\/audio>\r\n<script type=\"text\/javascript\">\r\njQuery(document).ready(function($) {\r\n\t$('#wp_mep_1').mediaelementplayer({\r\n\t\tm:1\r\n\t\t\r\n\t\t,features: ['playpause','current','progress','duration','volume','tracks','fullscreen']\r\n\t\t,audioWidth:400,audioHeight:30\r\n\t});\r\n});\r\n<\/script>\r\n<\/h5>\n<p>Coole Funk-Rock Nummer mit Breakbeat Drums. Haben wir live indiem\u00e4ssiger und b\u00f6ser gespielt, aber funky auch gut&#8230;.<\/p>\n<p>Musik von mir, Text von einer englischen Freundin, Susan Allen. Gesungen, eingespielt und produziert von mir.<\/p>\n<h5 style=\"font-size: 13px;\"><strong><br \/>\nChasin\u2019 Shadows<\/strong><br \/>\n\t<audio id=\"wp_mep_2\" src=\"http:\/\/birdproductions.de\/wp-content\/uploads\/2012\/10\/ChasinShadowsBitMast13_8_05.mp3\"     controls=\"controls\" preload=\"none\"  >\r\n\t\t\r\n\t\t\r\n\t\t\r\n\t\t\r\n\t\t\r\n\t\t\r\n\t\t\r\n\t<\/audio>\r\n<script type=\"text\/javascript\">\r\njQuery(document).ready(function($) {\r\n\t$('#wp_mep_2').mediaelementplayer({\r\n\t\tm:1\r\n\t\t\r\n\t\t,features: ['playpause','current','progress','duration','volume','tracks','fullscreen']\r\n\t\t,audioWidth:400,audioHeight:30\r\n\t});\r\n});\r\n<\/script>\r\n<\/h5>\n<p>Leicht blues- und gospelm\u00e4ssig eingef\u00e4rbte Brit-Rock Geschichte um das unkompliziert zu formulieren&#8230; J Gearroid legt \u2018ne irre Gitarre hin im Chrous. Text von einem englischen Bekannten, Musik von mir. Ausser Hintergrundgesang, Bass und einigen Gitarren alles eingespielt, gesungen und produziert von mir.<\/p>\n<h5 style=\"font-size: 13px;\"><strong><br \/>\nTwo Lights<\/strong><br \/>\n\t<audio id=\"wp_mep_3\" src=\"http:\/\/birdproductions.de\/wp-content\/uploads\/2012\/10\/TwoLightsBitmast13_8_05.mp3\"     controls=\"controls\" preload=\"none\"  >\r\n\t\t\r\n\t\t\r\n\t\t\r\n\t\t\r\n\t\t\r\n\t\t\r\n\t\t\r\n\t<\/audio>\r\n<script type=\"text\/javascript\">\r\njQuery(document).ready(function($) {\r\n\t$('#wp_mep_3').mediaelementplayer({\r\n\t\tm:1\r\n\t\t\r\n\t\t,features: ['playpause','current','progress','duration','volume','tracks','fullscreen']\r\n\t\t,audioWidth:400,audioHeight:30\r\n\t});\r\n});\r\n<\/script>\r\n<\/h5>\n<p>Britrockige Nummer, der Tonartwechsel am Ende geht los, oder ?<\/p>\n<p>Text von einer Freundin, Susan Allen. Alles andere von mir. Musik komponiert und arrangiert, programmiert, eingespielt, gesungen, produziert.<\/p>\n<h5><strong><br \/>\nIt Makes Me Wonder<\/strong><br \/>\n\t<audio id=\"wp_mep_4\" src=\"http:\/\/birdproductions.de\/wp-content\/uploads\/2012\/10\/ItMakesMeWonder26904Mast.mp3\"     controls=\"controls\" preload=\"none\"  >\r\n\t\t\r\n\t\t\r\n\t\t\r\n\t\t\r\n\t\t\r\n\t\t\r\n\t\t\r\n\t<\/audio>\r\n<script type=\"text\/javascript\">\r\njQuery(document).ready(function($) {\r\n\t$('#wp_mep_4').mediaelementplayer({\r\n\t\tm:1\r\n\t\t\r\n\t\t,features: ['playpause','current','progress','duration','volume','tracks','fullscreen']\r\n\t\t,audioWidth:400,audioHeight:30\r\n\t});\r\n});\r\n<\/script>\r\n<\/h5>\n<p>Ballade, nur Gesang und Klavier. Live haben unser beiden Schwarzen in der Band \u2013 Michael und Grace \u2013 im Chorus einen sahnem\u00e4ssigen Gospelchor hingezaubert.<br \/>\nText und Musik, gesungen und gespielt von mir.<\/p>\n<p>In meiner Band versammelten sich allerlei illustre Gestalten. Bassist Michael Bramwell war regelm\u00e4ssig auf Top of the Pops (britische Kult-Musiksendung) zu sehen und tourte unter anderem mit der Ligthhouse Family. Unser erster Drummer Franck Rolou war jahrelang bei RCA unter Vertrag,\u00a0 der zweite, Kari Pavola, spielte bei britischer Indieband Cinerama (immerhin John Peel\u2019s (legend\u00e4rer britischer Radio DJ) Lieblingsband). Gitarrist Gearroid nahm in Dave Stewarts zu einem Studio umgebauten Kirche bei uns um die Ecke auf. Mein Lieblingsbassist Nikko den ich \u00fcber Mouse on Mars Drummer Dodo kannte wurde mir\u00a0 weggesigned. Man sieht, es ging drunter und dr\u00fcber. Keiner wurde bezahlt f\u00fcr das was wir machten (in London kann man schon froh sein wenn man nicht \u201epay to play\u201c machen muss&#8230;), die Leute spielten mit, weil sie sich aufgrund der Qualit\u00e4t des Projektes etwas versprachen und alle waren st\u00e4ndig auf dem Sprung um nur keine Gelegenheit zu verpassen.\u00a0 So weit ich weiss hat am Ende keiner von uns den grossen Durchbruch geschafft und wir m\u00fcssen alle immer noch f\u00fcr unsere Kohle schwitzen. Aber lustig war\u2019s trotzdem&#8230; \ud83d\ude42<\/p>\n<p><span style=\"color: #ffffff;\">&#8230;<\/span><br \/>\nNoch ein Londoner Projekt:<\/p>\n<h5><strong>My World<\/strong><br \/>\n\t<audio id=\"wp_mep_5\" src=\"http:\/\/birdproductions.de\/wp-content\/uploads\/2012\/04\/MyWorldBitMast.mp3\"     controls=\"controls\" preload=\"none\"  >\r\n\t\t\r\n\t\t\r\n\t\t\r\n\t\t\r\n\t\t\r\n\t\t\r\n\t\t\r\n\t<\/audio>\r\n<script type=\"text\/javascript\">\r\njQuery(document).ready(function($) {\r\n\t$('#wp_mep_5').mediaelementplayer({\r\n\t\tm:1\r\n\t\t\r\n\t\t,features: ['playpause','current','progress','duration','volume','tracks','fullscreen']\r\n\t\t,audioWidth:400,audioHeight:30\r\n\t});\r\n});\r\n<\/script>\r\n<\/h5>\n<p>UK Garage, bzw. 2-Step artige Angelengenheit. Mit verzerrter Solo-Rockgitarre im Hintergrund. Das war die Zeit, als schwarze Hiphop and UK Garage Produzenten in London pl\u00f6tzlich Rockgitarren entdeckten.<br \/>\nText von S\u00e4ngerin Twee, Musik von mir. Produziert von mir und einem britischen Hiphop Typen dessen Namen ich verdr\u00e4ngt habe weil er wegen seinen 2 \u00bd Ideen die er einbrachte absurde Roaylty Forderungen stellte&#8230;<\/p>\n<p><span style=\"color: #ffffff;\">&#8230;<\/span><br \/>\nJetzt ein bischen Techno&#8230;<\/p>\n<h5><strong>Tango Argentina<\/strong><br \/>\n\t<audio id=\"wp_mep_6\" src=\"http:\/\/birdproductions.de\/wp-content\/uploads\/2012\/10\/TangoBit16_8_05.mp3\"     controls=\"controls\" preload=\"none\"  >\r\n\t\t\r\n\t\t\r\n\t\t\r\n\t\t\r\n\t\t\r\n\t\t\r\n\t\t\r\n\t<\/audio>\r\n<script type=\"text\/javascript\">\r\njQuery(document).ready(function($) {\r\n\t$('#wp_mep_6').mediaelementplayer({\r\n\t\tm:1\r\n\t\t\r\n\t\t,features: ['playpause','current','progress','duration','volume','tracks','fullscreen']\r\n\t\t,audioWidth:400,audioHeight:30\r\n\t});\r\n});\r\n<\/script>\r\n<\/h5>\n<p>Kollaboration mit Boris Ristic (inhouse-producer bei Avex und PWL, Pete Watermans Firma. Hat mit Kim Wilde, Bananarama und anderen gearbeitet)<\/p>\n<p><span style=\"color: #ffffff;\">&#8230;<\/span><br \/>\nUnd ein bischen Pop\/R&amp;B&#8230;<\/p>\n<h5><strong>Happy<\/strong><br \/>\n\t<audio id=\"wp_mep_7\" src=\"http:\/\/birdproductions.de\/wp-content\/uploads\/2012\/10\/HappyBitmast23_1_07.mp3\"     controls=\"controls\" preload=\"none\"  >\r\n\t\t\r\n\t\t\r\n\t\t\r\n\t\t\r\n\t\t\r\n\t\t\r\n\t\t\r\n\t<\/audio>\r\n<script type=\"text\/javascript\">\r\njQuery(document).ready(function($) {\r\n\t$('#wp_mep_7').mediaelementplayer({\r\n\t\tm:1\r\n\t\t\r\n\t\t,features: ['playpause','current','progress','duration','volume','tracks','fullscreen']\r\n\t\t,audioWidth:400,audioHeight:30\r\n\t});\r\n});\r\n<\/script>\r\n<\/h5>\n<p>Ausser Text und Gesang alles von mir. Komposition, Arrangement, Programming, Instrumente<strong>\u00a0<\/strong>einspielen, Produktion, etc.<\/p>\n<h5><strong>When I Wake Up<\/strong><br \/>\n\t<audio id=\"wp_mep_8\" src=\"http:\/\/birdproductions.de\/wp-content\/uploads\/2012\/10\/WhenIBit7_12_04Re-mastJan07.mp3\"     controls=\"controls\" preload=\"none\"  >\r\n\t\t\r\n\t\t\r\n\t\t\r\n\t\t\r\n\t\t\r\n\t\t\r\n\t\t\r\n\t<\/audio>\r\n<script type=\"text\/javascript\">\r\njQuery(document).ready(function($) {\r\n\t$('#wp_mep_8').mediaelementplayer({\r\n\t\tm:1\r\n\t\t\r\n\t\t,features: ['playpause','current','progress','duration','volume','tracks','fullscreen']\r\n\t\t,audioWidth:400,audioHeight:30\r\n\t});\r\n});\r\n<\/script>\r\n<\/h5>\n<p>Ausser Gesang alles von mir.<\/p>\n<h5><strong><br \/>\nOut Of The Blue<\/strong><br \/>\n\t<audio id=\"wp_mep_9\" src=\"http:\/\/birdproductions.de\/wp-content\/uploads\/2012\/10\/OutOfTheBlueBitMastJan07.mp3\"     controls=\"controls\" preload=\"none\"  >\r\n\t\t\r\n\t\t\r\n\t\t\r\n\t\t\r\n\t\t\r\n\t\t\r\n\t\t\r\n\t<\/audio>\r\n<script type=\"text\/javascript\">\r\njQuery(document).ready(function($) {\r\n\t$('#wp_mep_9').mediaelementplayer({\r\n\t\tm:1\r\n\t\t\r\n\t\t,features: ['playpause','current','progress','duration','volume','tracks','fullscreen']\r\n\t\t,audioWidth:400,audioHeight:30\r\n\t});\r\n});\r\n<\/script>\r\n<\/h5>\n<p>Wir hatten einen sehr guten Kontakt zum \u201eright hand man\u201c von Simon Cowel, damals Produzent von Westlife. Westlife suchten Material f\u00fcr ihr Album, also schrieben wir \u201eOut of the Blue\u201c in entsprechend leicht schleimiger Boyband-Manier. Der Song war wohl schon in der engeren Wahl gewesen sagte man uns. Sehr \u201ecatchy\u201c das Ding, wird bestimmt noch seinen Weg machen&#8230;<\/p>\n<p>Text von 2 britischen Freunden von mir, Musik von mir. Gesungen, eingespielt und produziert von mir.<\/p>\n<h5><strong><br \/>\nTry Again<\/strong><br \/>\n\t<audio id=\"wp_mep_10\" src=\"http:\/\/birdproductions.de\/wp-content\/uploads\/2012\/10\/FSKonfusionTryAgainBitMast.mp3\"     controls=\"controls\" preload=\"none\"  >\r\n\t\t\r\n\t\t\r\n\t\t\r\n\t\t\r\n\t\t\r\n\t\t\r\n\t\t\r\n\t<\/audio>\r\n<script type=\"text\/javascript\">\r\njQuery(document).ready(function($) {\r\n\t$('#wp_mep_10').mediaelementplayer({\r\n\t\tm:1\r\n\t\t\r\n\t\t,features: ['playpause','current','progress','duration','volume','tracks','fullscreen']\r\n\t\t,audioWidth:400,audioHeight:30\r\n\t});\r\n});\r\n<\/script>\r\n<\/h5>\n<p>Zum Abschluss ein bischen fingerfertige Fusion Musik (nennen manche Leute Jazz-Rock) von meinem Wiener Projekt. Mit ziemlich fitten Leuten aus der Wiener Szene. Unser Trommler spielte bei der dort damals sehr ber\u00fchmten \u201eHalluzination Company\u201c. Die Nummer war von mir geschrieben und hiess Try Again weil ich gerade bei einer sehr h\u00fcbschen Frau abgeblitzt war (meine ich mich dunkel zu erinnern). Try again dachte ich mir&#8230;.<\/p>\n<h5><strong><br \/>\nSometimes A Stone<\/strong><br \/>\n\t<audio id=\"wp_mep_11\" src=\"http:\/\/birdproductions.de\/wp-content\/uploads\/2012\/10\/SometimesAStoneBitMa10_8_05.mp3\"     controls=\"controls\" preload=\"none\"  >\r\n\t\t\r\n\t\t\r\n\t\t\r\n\t\t\r\n\t\t\r\n\t\t\r\n\t\t\r\n\t<\/audio>\r\n<script type=\"text\/javascript\">\r\njQuery(document).ready(function($) {\r\n\t$('#wp_mep_11').mediaelementplayer({\r\n\t\tm:1\r\n\t\t\r\n\t\t,features: ['playpause','current','progress','duration','volume','tracks','fullscreen']\r\n\t\t,audioWidth:400,audioHeight:30\r\n\t});\r\n});\r\n<\/script>\r\n<\/h5>\n<p>Hier noch ein Nachz\u00fcgler meiner Londoner Band. Ziemlich coole Rockballade mit anspruchsvoller Harmonik wie ich v\u00f6llig unvoreingenommener Weise finde. Deutsche Pop Akademie Studenten merkt auf, 3 Tonarten !! In der Bridge wird\u2019s freakig&#8230;.<\/p>\n<p>&nbsp;<\/p>\n","protected":false},"excerpt":{"rendered":"<p>Hier ein paar Songs von meinem letzten Projekt mit dem Hamburger S\u00e4nger und Songschreiber Mat Bahr: &#8220;Wahre Worte&#8221; Scharfe, funkige Rocknummer. Haben Mat und ich zusammen geschrieben. Er hat&#8217;s gesungen, ich den Rest gemacht (Gitarren, Keyboards, Arrangement, Programming, Mixing etc.) &#8220;Der Sommer Bist Du&#8221; Coole, Reggae\/ R&amp;B angehauchte Geschichte. Mat hat&#8217;s geschrieben , gesungen und [&hellip;]<\/p>\n","protected":false},"author":1,"featured_media":0,"parent":79,"menu_order":0,"comment_status":"closed","ping_status":"open","template":"","meta":{"footnotes":""},"_links":{"self":[{"href":"https:\/\/birdproductions.de\/index.php?rest_route=\/wp\/v2\/pages\/151"}],"collection":[{"href":"https:\/\/birdproductions.de\/index.php?rest_route=\/wp\/v2\/pages"}],"about":[{"href":"https:\/\/birdproductions.de\/index.php?rest_route=\/wp\/v2\/types\/page"}],"author":[{"embeddable":true,"href":"https:\/\/birdproductions.de\/index.php?rest_route=\/wp\/v2\/users\/1"}],"replies":[{"embeddable":true,"href":"https:\/\/birdproductions.de\/index.php?rest_route=%2Fwp%2Fv2%2Fcomments&post=151"}],"version-history":[{"count":201,"href":"https:\/\/birdproductions.de\/index.php?rest_route=\/wp\/v2\/pages\/151\/revisions"}],"predecessor-version":[{"id":289,"href":"https:\/\/birdproductions.de\/index.php?rest_route=\/wp\/v2\/pages\/151\/revisions\/289"}],"up":[{"embeddable":true,"href":"https:\/\/birdproductions.de\/index.php?rest_route=\/wp\/v2\/pages\/79"}],"wp:attachment":[{"href":"https:\/\/birdproductions.de\/index.php?rest_route=%2Fwp%2Fv2%2Fmedia&parent=151"}],"curies":[{"name":"wp","href":"https:\/\/api.w.org\/{rel}","templated":true}]}}