{"id":164,"date":"2010-08-29T10:46:24","date_gmt":"2010-08-29T10:46:24","guid":{"rendered":"http:\/\/birdproductions.de\/?page_id=164"},"modified":"2024-06-22T17:30:17","modified_gmt":"2024-06-22T17:30:17","slug":"page-2","status":"publish","type":"page","link":"https:\/\/birdproductions.de\/?page_id=164","title":{"rendered":"Contact"},"content":{"rendered":"<p><strong>Friedrich Schapper<\/strong><\/p>\n<p>Mobile \/ Handy: 0049 (0)174 71 66 666<\/p>\n<p>Email: <span style=\"color: #0000ff;\"><span style=\"color: #111111;\"><span style=\"font-size: small;\"><a href=\"mailto:friedrich.musiklaboratorium@gmail.com\">friedrich.musiklaboratorium@gmail.com<\/a><\/span><\/span><\/span><\/p>\n<p><strong>Studio Adresse<\/strong><\/p>\n<p>Franz-Mehring-Platz 1<\/p>\n<p>10243 Berlin<\/p>\n<p>Das Studio befindet sich im \u201cNeuen Deutschland\u201d, einem siebenst\u00f6ckigen B\u00fcrogegb\u00e4ude, ca. 5 Minuten zu Fuss vom Ostbahnhof gelegen.<\/p>\n<p>Bus: 142, 240<\/p>\n<p>S-Bahn: \u00a0Ostbahnhof S5, S7, S75<\/p>\n<p>U-Bahn: Weberwiese U-5<\/p>\n<p><iframe loading=\"lazy\" src=\"https:\/\/maps.google.de\/maps?q=franz+mehring+platz+1&amp;ie=UTF8&amp;hq=&amp;hnear=Franz+-Mehring-Platz+1,+10243+Berlin&amp;gl=de&amp;ll=52.513022,13.440013&amp;spn=0.021025,0.056176&amp;t=m&amp;z=14&amp;output=embed\" width=\"425\" height=\"350\" frameborder=\"0\" marginwidth=\"0\" marginheight=\"0\" scrolling=\"no\"><\/iframe><br \/>\n<small><a style=\"color: #0000ff; text-align: left;\" href=\"https:\/\/maps.google.de\/maps?q=franz+mehring+platz+1&amp;ie=UTF8&amp;hq=&amp;hnear=Franz+-Mehring-Platz+1,+10243+Berlin&amp;gl=de&amp;ll=52.513022,13.440013&amp;spn=0.021025,0.056176&amp;t=m&amp;z=14&amp;source=embed\">View Larger Map<\/a><\/small><\/p>\n","protected":false},"excerpt":{"rendered":"<p>Friedrich Schapper Mobile \/ Handy: 0049 (0)174 71 66 666 Email: friedrich.musiklaboratorium@gmail.com Studio Adresse Franz-Mehring-Platz 1 10243 Berlin Das Studio befindet sich im \u201cNeuen Deutschland\u201d, einem siebenst\u00f6ckigen B\u00fcrogegb\u00e4ude, ca. 5 Minuten zu Fuss vom Ostbahnhof gelegen. Bus: 142, 240 S-Bahn: \u00a0Ostbahnhof S5, S7, S75 U-Bahn: Weberwiese U-5 View Larger Map<\/p>\n","protected":false},"author":1,"featured_media":0,"parent":79,"menu_order":1,"comment_status":"closed","ping_status":"closed","template":"","meta":{"footnotes":""},"_links":{"self":[{"href":"https:\/\/birdproductions.de\/index.php?rest_route=\/wp\/v2\/pages\/164"}],"collection":[{"href":"https:\/\/birdproductions.de\/index.php?rest_route=\/wp\/v2\/pages"}],"about":[{"href":"https:\/\/birdproductions.de\/index.php?rest_route=\/wp\/v2\/types\/page"}],"author":[{"embeddable":true,"href":"https:\/\/birdproductions.de\/index.php?rest_route=\/wp\/v2\/users\/1"}],"replies":[{"embeddable":true,"href":"https:\/\/birdproductions.de\/index.php?rest_route=%2Fwp%2Fv2%2Fcomments&post=164"}],"version-history":[{"count":20,"href":"https:\/\/birdproductions.de\/index.php?rest_route=\/wp\/v2\/pages\/164\/revisions"}],"predecessor-version":[{"id":1460,"href":"https:\/\/birdproductions.de\/index.php?rest_route=\/wp\/v2\/pages\/164\/revisions\/1460"}],"up":[{"embeddable":true,"href":"https:\/\/birdproductions.de\/index.php?rest_route=\/wp\/v2\/pages\/79"}],"wp:attachment":[{"href":"https:\/\/birdproductions.de\/index.php?rest_route=%2Fwp%2Fv2%2Fmedia&parent=164"}],"curies":[{"name":"wp","href":"https:\/\/api.w.org\/{rel}","templated":true}]}}