{"id":244,"date":"2010-08-31T20:24:39","date_gmt":"2010-08-31T20:24:39","guid":{"rendered":"http:\/\/birdproductions.de\/?page_id=244"},"modified":"2025-01-19T21:03:41","modified_gmt":"2025-01-19T21:03:41","slug":"referenzen-2","status":"publish","type":"page","link":"https:\/\/birdproductions.de\/?page_id=244","title":{"rendered":"Preise"},"content":{"rendered":"<p><strong>Unterrichtshonorar:<\/strong><\/p>\n<p>Da nur die Stunden bezahlt werden die auch statt finden (siehe\u00a0<a href=\"http:\/\/birdproductions.de\/?page_id=246\">AGB<\/a>), ist der Unterricht im Vergleich deutlich billiger als bei normalen Unterrichtsvertr\u00e4gen.\u00a0Die Ferien werden NICHT durchbezahlt.<\/p>\n<p><strong>Einzelunterricht:<br \/>\n<\/strong>30 Minuten, w\u00f6chentlich: 30 \u20ac<br \/>\n30 Minuten, vierzehnt\u00e4gig:\u00a0 32 \u20ac<br \/>\n45 Minuten, w\u00f6chentlich: 36 \u20ac<br \/>\n45 Minuten, vierzehnt\u00e4gig: 38 \u20ac<br \/>\n60 Minuten, w\u00f6chentlich: 42 \u20ac<br \/>\n60 Minuten, vierzehnt\u00e4gig: 44 \u20ac<br \/>\n60 Minuten, alle vier Wochen: 50 \u20ac<\/p>\n<p><strong>Gruppenunterricht (zwei Personen):<br \/>\n<\/strong>45 Minuten, w\u00f6chentlich: pro Person 22 \u20ac<br \/>\n45 Minuten, vierzehnt\u00e4gig: pro Person 24 \u20ac<br \/>\n60 Minuten, w\u00f6chentlich: pro Person 26 \u20ac<br \/>\n60 Minuten, vierzehnt\u00e4gig: pro Person 28 \u20ac<\/p>\n<p><strong>Gruppenunterricht (drei Personen):<br \/>\n<\/strong>45 Minuten, w\u00f6chentlich: pro Person 17 \u20ac<br \/>\n45 Minuten, vierzehnt\u00e4gig: pro Person 19 \u20ac<br \/>\n60 Minuten, w\u00f6chentlich: pro Person 20 \u20ac<br \/>\n60 Minuten, vierzehnt\u00e4gig: pro Person 22 \u20ac<\/p>\n<p><strong style=\"font-size: inherit;\">Angeleitetes \u00dcben:<br \/>\n<\/strong>2&#215;15 Minuten,\u00a0 mit 30 Minuten \u00dcbezeit dazwischen: 35 \u20ac<\/p>\n<p><strong style=\"font-size: inherit;\"><br \/>\nFried\u2019s V.I.P. Deal<\/strong><span style=\"font-size: inherit;\">:<br \/>\n<\/span><span style=\"font-size: inherit;\">Du bist im Musikgesch\u00e4ft schon erfolgreich unterwegs, und m\u00f6chtest und kannst\u00a0 dich nicht mit AGB, Fristen und \u00e4hnlichem belasten ?<\/span><\/p>\n<p>&#8211; kein Vertrag, keine AGB Verpflichtungen, keine Fristen<br \/>\n<span style=\"font-size: inherit;\">&#8211; auf Wunsch monatliche Rechnungen<br \/>\n<\/span><span style=\"font-size: inherit;\">&#8211; flexible Termine in unregelm\u00e4ssigen Abst\u00e4nden m\u00f6glich<br \/>\n<\/span><span style=\"font-size: inherit;\">&#8211; auf Wunsch komme ich zu dir ins Studio<br \/>\n<\/span><span style=\"font-size: inherit;\">&#8211; 55 \u20ac pro Stunde<br \/>\n<\/span><span style=\"font-size: inherit;\">&#8211; Fahrtzeit wird extra berechnet (auf Basis 40 \u20ac pro Stunde)<\/span><\/p>\n<p><span style=\"font-size: 13px;\">\u00a0<\/span><\/p>\n","protected":false},"excerpt":{"rendered":"<p>Unterrichtshonorar: Da nur die Stunden bezahlt werden die auch statt finden (siehe\u00a0AGB), ist der Unterricht im Vergleich deutlich billiger als bei normalen Unterrichtsvertr\u00e4gen.\u00a0Die Ferien werden NICHT durchbezahlt. Einzelunterricht: 30 Minuten, w\u00f6chentlich: 30 \u20ac 30 Minuten, vierzehnt\u00e4gig:\u00a0 32 \u20ac 45 Minuten, w\u00f6chentlich: 36 \u20ac 45 Minuten, vierzehnt\u00e4gig: 38 \u20ac 60 Minuten, w\u00f6chentlich: 42 \u20ac 60 Minuten, [&hellip;]<\/p>\n","protected":false},"author":1,"featured_media":0,"parent":84,"menu_order":0,"comment_status":"closed","ping_status":"closed","template":"","meta":{"footnotes":""},"_links":{"self":[{"href":"https:\/\/birdproductions.de\/index.php?rest_route=\/wp\/v2\/pages\/244"}],"collection":[{"href":"https:\/\/birdproductions.de\/index.php?rest_route=\/wp\/v2\/pages"}],"about":[{"href":"https:\/\/birdproductions.de\/index.php?rest_route=\/wp\/v2\/types\/page"}],"author":[{"embeddable":true,"href":"https:\/\/birdproductions.de\/index.php?rest_route=\/wp\/v2\/users\/1"}],"replies":[{"embeddable":true,"href":"https:\/\/birdproductions.de\/index.php?rest_route=%2Fwp%2Fv2%2Fcomments&post=244"}],"version-history":[{"count":40,"href":"https:\/\/birdproductions.de\/index.php?rest_route=\/wp\/v2\/pages\/244\/revisions"}],"predecessor-version":[{"id":1472,"href":"https:\/\/birdproductions.de\/index.php?rest_route=\/wp\/v2\/pages\/244\/revisions\/1472"}],"up":[{"embeddable":true,"href":"https:\/\/birdproductions.de\/index.php?rest_route=\/wp\/v2\/pages\/84"}],"wp:attachment":[{"href":"https:\/\/birdproductions.de\/index.php?rest_route=%2Fwp%2Fv2%2Fmedia&parent=244"}],"curies":[{"name":"wp","href":"https:\/\/api.w.org\/{rel}","templated":true}]}}