{"id":246,"date":"2010-08-31T20:25:05","date_gmt":"2010-08-31T20:25:05","guid":{"rendered":"http:\/\/birdproductions.de\/?page_id=246"},"modified":"2023-06-05T11:05:33","modified_gmt":"2023-06-05T11:05:33","slug":"referenzen-3","status":"publish","type":"page","link":"https:\/\/birdproductions.de\/?page_id=246","title":{"rendered":"AGB"},"content":{"rendered":"<p><strong>Allgemeine Gesch\u00e4ftssbedingungen:<\/strong><\/p>\n<p>1. F\u00fcr die K\u00fcndigung des Unterrichts gilt eine Frist von 6 Wochen, w\u00e4rend der bei w\u00f6chentlichem Unterricht 6 Unterrichtsstunden und bei vierzehnt\u00e4gigem Unterricht 3 Unterrichtsstunden bezahlt werden m\u00fcssen. Diese Frist gilt auch f\u00fcr die Reduzierung der Unterrichtszeit, und f\u00fcr die Verl\u00e4ngerung der Unterrichtsintervalle. Diese Regelung beginnt f\u00fcr neue Sch\u00fcler nach der vierten Unterrichtsstunde.<\/p>\n<p>2. F\u00fcr die Absage von Stunden von Seiten des Sch\u00fclers gilt eine Frist von 48 Stunden. Wird diese Frist nicht eingehalten, muss die ausgefallene Stunde bezahlt werden. Die Benachrichtigung muss telefonisch auf Handy oder per SMS erfolgen.<\/p>\n<p><strong>Anmerkungen:<\/strong><\/p>\n<p>Je l\u00e4ngerfristig \u00a0bei Absagen Bescheid gegeben wird, desto besser, denn es liegt im Interesse von uns allen, das wir die Termine immer rechtzeitig so organisieren k\u00f6nnen das es f\u00fcr alle passt.<\/p>\n<p>Die Ferien werden nicht durchbezahlt, sondern nur die Stunden die stattfinden (ausgenommen kurzfristige Absagen, siehe oben). Dadurch ist der Unterricht im Vergleich zu \u00fcblichen Unterrichtsvertr\u00e4gen g\u00fcnstig und flexibel.<\/p>\n<p>Trotz der sehr flexiblen AGBs sind wir nat\u00fcrlich darauf angewiesen das der Unterricht m\u00f6glichst regelm\u00e4ssig stattfindet was ja auch im Interesse der Qualit\u00e4t des Unterrichts liegt.<\/p>\n","protected":false},"excerpt":{"rendered":"<p>Allgemeine Gesch\u00e4ftssbedingungen: 1. F\u00fcr die K\u00fcndigung des Unterrichts gilt eine Frist von 6 Wochen, w\u00e4rend der bei w\u00f6chentlichem Unterricht 6 Unterrichtsstunden und bei vierzehnt\u00e4gigem Unterricht 3 Unterrichtsstunden bezahlt werden m\u00fcssen. Diese Frist gilt auch f\u00fcr die Reduzierung der Unterrichtszeit, und f\u00fcr die Verl\u00e4ngerung der Unterrichtsintervalle. Diese Regelung beginnt f\u00fcr neue Sch\u00fcler nach der vierten Unterrichtsstunde. [&hellip;]<\/p>\n","protected":false},"author":1,"featured_media":0,"parent":84,"menu_order":0,"comment_status":"closed","ping_status":"closed","template":"","meta":{"footnotes":""},"_links":{"self":[{"href":"https:\/\/birdproductions.de\/index.php?rest_route=\/wp\/v2\/pages\/246"}],"collection":[{"href":"https:\/\/birdproductions.de\/index.php?rest_route=\/wp\/v2\/pages"}],"about":[{"href":"https:\/\/birdproductions.de\/index.php?rest_route=\/wp\/v2\/types\/page"}],"author":[{"embeddable":true,"href":"https:\/\/birdproductions.de\/index.php?rest_route=\/wp\/v2\/users\/1"}],"replies":[{"embeddable":true,"href":"https:\/\/birdproductions.de\/index.php?rest_route=%2Fwp%2Fv2%2Fcomments&post=246"}],"version-history":[{"count":35,"href":"https:\/\/birdproductions.de\/index.php?rest_route=\/wp\/v2\/pages\/246\/revisions"}],"predecessor-version":[{"id":1459,"href":"https:\/\/birdproductions.de\/index.php?rest_route=\/wp\/v2\/pages\/246\/revisions\/1459"}],"up":[{"embeddable":true,"href":"https:\/\/birdproductions.de\/index.php?rest_route=\/wp\/v2\/pages\/84"}],"wp:attachment":[{"href":"https:\/\/birdproductions.de\/index.php?rest_route=%2Fwp%2Fv2%2Fmedia&parent=246"}],"curies":[{"name":"wp","href":"https:\/\/api.w.org\/{rel}","templated":true}]}}