{"id":258,"date":"2010-08-31T20:28:45","date_gmt":"2010-08-31T20:28:45","guid":{"rendered":"http:\/\/birdproductions.de\/?page_id=258"},"modified":"2024-06-22T17:30:54","modified_gmt":"2024-06-22T17:30:54","slug":"kontakt","status":"publish","type":"page","link":"https:\/\/birdproductions.de\/?page_id=258","title":{"rendered":"Kontakt"},"content":{"rendered":"<p><strong>Friedrich Schapper \/ Musiklaboratorium Berlin<\/strong><\/p>\n<p>Telefon: 0049 (0)174 71 66 666<br \/>\n<span style=\"font-size: inherit;\">Email:\u00a0 <a href=\"mailto:friedrich.musiklaboratorium@gmail.com\">friedrich.musiklaboratorium@gmail.com<\/a><\/span><\/p>\n<p><strong><br \/>\nStudio Adresse<\/strong><\/p>\n<p>Franz-Mehring-Platz 1<br \/>\n<span style=\"font-size: inherit;\">10243 Berlin<\/span><\/p>\n<p>Das Studio befindet sich im \u201cNeuen Deutschland\u201d, einem siebenst\u00f6ckigen B\u00fcrogegb\u00e4ude, ca. 5 Minuten zu Fuss vom Ostbahnhof gelegen.<\/p>\n<p>Bus: 142, 240<br \/>\n<span style=\"font-size: inherit;\">S-Bahn: \u00a0Ostbahnhof S5, S7, S75<br \/>\n<\/span>U-Bahn: Weberwiese U-5<\/p>\n<p><iframe loading=\"lazy\" src=\"https:\/\/maps.google.de\/maps?q=franz+mehring+platz+1&amp;ie=UTF8&amp;hq=&amp;hnear=Franz+-Mehring-Platz+1,+10243+Berlin&amp;gl=de&amp;ll=52.513022,13.440013&amp;spn=0.021025,0.056176&amp;t=m&amp;z=14&amp;output=embed\" width=\"425\" height=\"350\" frameborder=\"0\" marginwidth=\"0\" marginheight=\"0\" scrolling=\"no\"><\/iframe><br \/>\n<small><a style=\"color: #0000ff; text-align: left;\" href=\"https:\/\/maps.google.de\/maps?q=franz+mehring+platz+1&amp;ie=UTF8&amp;hq=&amp;hnear=Franz+-Mehring-Platz+1,+10243+Berlin&amp;gl=de&amp;ll=52.513022,13.440013&amp;spn=0.021025,0.056176&amp;t=m&amp;z=14&amp;source=embed\">View Larger Map<\/a><\/small><\/p>\n","protected":false},"excerpt":{"rendered":"<p>Friedrich Schapper \/ Musiklaboratorium Berlin Telefon: 0049 (0)174 71 66 666 Email:\u00a0 friedrich.musiklaboratorium@gmail.com Studio Adresse Franz-Mehring-Platz 1 10243 Berlin Das Studio befindet sich im \u201cNeuen Deutschland\u201d, einem siebenst\u00f6ckigen B\u00fcrogegb\u00e4ude, ca. 5 Minuten zu Fuss vom Ostbahnhof gelegen. Bus: 142, 240 S-Bahn: \u00a0Ostbahnhof S5, S7, S75 U-Bahn: Weberwiese U-5 View Larger Map<\/p>\n","protected":false},"author":1,"featured_media":0,"parent":84,"menu_order":0,"comment_status":"open","ping_status":"open","template":"","meta":{"footnotes":""},"_links":{"self":[{"href":"https:\/\/birdproductions.de\/index.php?rest_route=\/wp\/v2\/pages\/258"}],"collection":[{"href":"https:\/\/birdproductions.de\/index.php?rest_route=\/wp\/v2\/pages"}],"about":[{"href":"https:\/\/birdproductions.de\/index.php?rest_route=\/wp\/v2\/types\/page"}],"author":[{"embeddable":true,"href":"https:\/\/birdproductions.de\/index.php?rest_route=\/wp\/v2\/users\/1"}],"replies":[{"embeddable":true,"href":"https:\/\/birdproductions.de\/index.php?rest_route=%2Fwp%2Fv2%2Fcomments&post=258"}],"version-history":[{"count":11,"href":"https:\/\/birdproductions.de\/index.php?rest_route=\/wp\/v2\/pages\/258\/revisions"}],"predecessor-version":[{"id":1461,"href":"https:\/\/birdproductions.de\/index.php?rest_route=\/wp\/v2\/pages\/258\/revisions\/1461"}],"up":[{"embeddable":true,"href":"https:\/\/birdproductions.de\/index.php?rest_route=\/wp\/v2\/pages\/84"}],"wp:attachment":[{"href":"https:\/\/birdproductions.de\/index.php?rest_route=%2Fwp%2Fv2%2Fmedia&parent=258"}],"curies":[{"name":"wp","href":"https:\/\/api.w.org\/{rel}","templated":true}]}}