{"id":84,"date":"2010-08-28T23:23:36","date_gmt":"2010-08-28T23:23:36","guid":{"rendered":"http:\/\/birdproductions.de\/?page_id=84"},"modified":"2025-12-26T15:14:14","modified_gmt":"2025-12-26T15:14:14","slug":"musikunterricht-coaching","status":"publish","type":"page","link":"https:\/\/birdproductions.de\/?page_id=84","title":{"rendered":"Musikunterricht \/ Coaching"},"content":{"rendered":"<p><span style=\"font-size: 13px;\">\u00a0<\/span><\/p>\n<p><img loading=\"lazy\" decoding=\"async\" class=\"alignnone size-medium wp-image-1178\" title=\"Gitarrenunterricht Ivonne M\u00e4rz 15  edit\" src=\"http:\/\/birdproductions.de\/wp-content\/uploads\/2015\/05\/Gitarrenunterricht-Ivonne-M\u00e4rz-15-edit-300x218.jpg\" alt=\"\" width=\"300\" height=\"218\" srcset=\"https:\/\/birdproductions.de\/wp-content\/uploads\/2015\/05\/Gitarrenunterricht-Ivonne-M\u00e4rz-15-edit-300x218.jpg 300w, https:\/\/birdproductions.de\/wp-content\/uploads\/2015\/05\/Gitarrenunterricht-Ivonne-M\u00e4rz-15-edit-1024x746.jpg 1024w\" sizes=\"(max-width: 300px) 100vw, 300px\" \/><\/p>\n<ul>\n<li><strong>10 Jahre Dozent f\u00fcr Musiktheorie, Songwriting, Gitarre und Klavier an der <strong>Akademie\u00a0<\/strong>Deutsche Pop \u00a0in Berlin.<\/strong><\/li>\n<li><strong>Privatunterricht und Workshops.<\/strong><\/li>\n<li><strong>Eigene Musikschule:\u00a0<a href=\"http:\/\/birdproductions.de\/?page_id=1190\" target=\"_blank\" rel=\"noopener noreferrer\">Musiklaboratorium Berlin<\/a><\/strong><\/li>\n<\/ul>\n<p><a href=\"http:\/\/birdproductions.de\/wp-content\/uploads\/2013\/02\/Fried-stehend-Gibson-edit.jpg\"><img loading=\"lazy\" decoding=\"async\" class=\"alignnone size-medium wp-image-935\" title=\"Fried stehend Gibson edit\" src=\"http:\/\/birdproductions.de\/wp-content\/uploads\/2013\/02\/Fried-stehend-Gibson-edit-300x205.jpg\" alt=\"\" width=\"300\" height=\"205\" srcset=\"https:\/\/birdproductions.de\/wp-content\/uploads\/2013\/02\/Fried-stehend-Gibson-edit-300x205.jpg 300w, https:\/\/birdproductions.de\/wp-content\/uploads\/2013\/02\/Fried-stehend-Gibson-edit-1024x702.jpg 1024w, https:\/\/birdproductions.de\/wp-content\/uploads\/2013\/02\/Fried-stehend-Gibson-edit.jpg 1049w\" sizes=\"(max-width: 300px) 100vw, 300px\" \/><\/a><\/p>\n<h4><\/h4>\n<p><span style=\"color: #ffffff;\">&#8230;<\/span> <span style=\"color: #ffffff;\">&#8230;<\/span> <span style=\"color: #ffffff;\">&#8230;<\/span> <span style=\"color: #ffffff;\">&#8230;<\/span><\/p>\n<p>Im folgenden m\u00f6chte ich versuchen Dir einen ersten Eindruck \u00fcber meine Unterrichtsphilosophie zu vermitteln und darzustellen, was das besondere an meinem Unterricht ist.<br \/>\nIch bin ein freundlicher und kommunikativer Mensch, der das Unterrichten mit Enthusiasmus und Leidenschaft betreibt. Ruf&#8217; mich gerne an oder schreib mir eine Email wenn Du Fragen hast. Ich w\u00fcrde mich freuen von Dir zu h\u00f6ren.<\/p>\n<p><strong>Das wichtigste zu meinem Unterricht in Schlagworten:<\/strong><\/p>\n<ul>\n<li><a href=\"..\/wp-content\/uploads\/2010\/08\/IMG_39741.jpg\"><img loading=\"lazy\" decoding=\"async\" class=\" wp-image-401 alignright\" title=\"IMG_3974\" src=\"..\/wp-content\/uploads\/2010\/08\/IMG_39741-300x200.jpg\" alt=\"\" width=\"240\" height=\"160\" srcset=\"https:\/\/birdproductions.de\/wp-content\/uploads\/2010\/08\/IMG_39741-300x200.jpg 300w, https:\/\/birdproductions.de\/wp-content\/uploads\/2010\/08\/IMG_39741-1024x682.jpg 1024w, https:\/\/birdproductions.de\/wp-content\/uploads\/2010\/08\/IMG_39741.jpg 1728w\" sizes=\"(max-width: 240px) 100vw, 240px\" \/><\/a>Lebendiger, motivierender Unterricht von erfahrenem, freundlichem Lehrer mit viel Einf\u00fchlungsverm\u00f6gen f\u00fcr Kinder und Erwachsene, Anf\u00e4nger und Fortgeschrittene, bis hin zur Profi-Ausbildung<\/li>\n<li>\n<p class=\"p1\"><span class=\"s1\">VIP Coaching f\u00fcr etablierte K\u00fcnstler aus Deutschland und Gro\u00dfbritannien (Referenzen auf Anfrage)<\/span><\/p>\n<\/li>\n<li>Intensiv vorbereitetet, fundiert und praxisorientiert, individuel auf den Sch\u00fcler abgestimmt, entspannt, aber engagiert !<\/li>\n<li>Exellente Ausbildung: Ich habe am American Institute of Music und am Hamburger Konservatorium mit Top Lehrern studiert<\/li>\n<li>Dozent Deutsche Pop Berlin, dBs Music (UK)<\/li>\n<li>(Fast) Alle Stile : Rock, Indie, Alternative , Pop, R&amp;B, Reggae, Funk, Metal, Jazz, Blues, Fusion und klassische Musik<\/li>\n<li>Professionelles <a href=\"http:\/\/birdproductions.de\/?page_id=252\">Studio<\/a>: Lerne spielen und schreiben und nimm Deinen Song in meinem Studio auf. Projektorientierter\u00a0Unterricht steigert die Motivation. F\u00fcr ambitionierte Songwriter ebenso wie f\u00fcr Kinder ( CD machen f\u00fcr Oma oder die Plattenfirma\u2026 \ud83d\ude42 )<\/li>\n<li>Internationale Erfahrungen: Ich habe 12 Jahre als Lehrer, Produzent, Songwriter und Musiker in London gearbeitet. Meine vielv\u00e4ltigen Erfahrungen in vielen Berreichen des Musiklebens in\u00a0\u00a0\u00a0 England, Deutschland und mit meinen amerikanischen Lehrern machen den Unterricht intererssant, vielschichtig und inspirierend.<\/li>\n<li>Unterrichtstagebuch: Wir halten detailiert fest was wir behandelt haben, welche Hausaufgaben anstehen und was wir in Zukunft machen wollen.<\/li>\n<li>W\u00f6chentlicher E-mail Service: Nach der Stunde schicke ich dir unsere Aufzeichnungen aus dem Unterrichtstagebuch mit einer detailierte Zusammenfassung und Kommentaren zur Stunde zu, gegebenenfalls mit Extramaterial.<\/li>\n<li>Detailiert ausgearbeitetes Unerrichtskonzept: Ich bin stets bem\u00fcht dieses Lebendig zu halten und kontinuierlich weiter zu entwickeln. Meine Erfahrungen aus der Praxis und die Aufzeichnungen aus dem Unterrichtstagebuch fliessen hier mit ein.<\/li>\n<li>Exzellente <a href=\"http:\/\/\/birdproductions.de\/?page_id=240\">Referenzen<\/a><\/li>\n<li>Angewandte Musiktheorie: Verstehen wie Musik funktioniert. Unabh\u00e4ngig vom Lehrer werden. Jenseits von passivem nach Noten spielen selbst\u00e4ndig Musik machen k\u00f6nnen. Improvisieren, Jammen, Songs schreiben, in Bands spielen.\u00a0 (Noten lernen wir nat\u00fcrlich auch&#8230;)<\/li>\n<li>Gruppenworkshops (angeleitetes jammen, Rhythmik, Geh\u00f6rbildung, Musiktheorie, Songwriting, Improvisation, angeleitetes Songwriting)<\/li>\n<li>\u00a0\u201c\u00dcben wie man \u00fcbt\u201d: Aktives \u00dcbetraining erm\u00f6glicht es die Disziplin und Konzentration zu finden die f\u00fcr produktives \u00dcben notwendig ist. Das Ziel ist, das \u00dcben zu einem befriedigenden Erlebnis zu machen das Spass macht ! Das kann man \u00fcben ! Ich lass\u2019 dich damit nicht allein\u2026<\/li>\n<li>Auf google-drive f\u00fchre ich mit Dir gemeinsam\u00a0\u00a0einen detailierten Lehr- und \u00dcbeplan mit dem das \u00dcben noch produktiver, einfacher und befriedigender wird<\/li>\n<li>&#8220;Wellness Guitar&#8221; &#8211; Stressiger Job ? Keine Zeit zum \u00dcben ? Kluge Coaching Konzepte machen Fortschritte am Instrument trotzdem m\u00f6glich.<\/li>\n<li>Umfangreiches Unterrichtsmaterial: Zahllose hochklassige Lehrb\u00fccher aus dem englischen und deutschen Sprachraum, Backing Tracks und mehr.<\/li>\n<li>\u201cKlassische\u201d versus \u201cpopul\u00e4re\u201d Musik. Klassik ist langweilig ? Coldplay, die Beatles, Beethoven, Mozart, Du und ich: Wir benutzen alle das gleiche musikalische Material !<\/li>\n<li>Meine T\u00e4tigkeit Arbeit als Produzent und Studiomusiker befruchtet die Unterrichtsarbeit auf sehr angenehme Weise und er\u00f6ffnet viele M\u00f6glichkeiten den Unterricht lebendig und praxisnah zu gestalten. Die Abwechslung zwischen Unterrichts- und Studiot\u00e4tikeit h\u00e4lt meinen Unterricht (und mich !) frisch.<\/li>\n<li>Unterricht auf Wunsch in englischer Sprache<br \/>\n<span style=\"color: #ffffff;\">&#8230;<\/span><br \/>\nTel.: 0174 71 66 666<br \/>\n<span style=\"color: #ffffff;\"><span style=\"color: #0000ff;\"><span style=\"color: #111111;\"><span style=\"font-size: small;\"><a href=\"mailto:friedrich.musiklaboratorium@gmail.com\">friedrich.musiklaboratorium@gmail.com<\/a><\/p>\n<p><span style=\"color: #ffffff;\">&#8230;<\/span><\/p>\n<p><\/span><\/span><\/span><\/span><span style=\"color: #ffffff;\">..<\/span>Facebook\u00a0<a href=\"https:\/\/www.facebook.com\/musiklaboratorium\" target=\"_blank\" rel=\"noopener noreferrer\">Musiklaboratorium Berlin<br \/>\n<\/a>Facebook <a href=\"https:\/\/www.facebook.com\/friedrich.schapper\" target=\"_blank\" rel=\"noopener noreferrer\">Friedrich Schapper<br \/>\n<\/a>Youtube <a href=\"https:\/\/www.youtube.com\/channel\/UCu27KkU25XYVwfaE_Q9TwoA\" target=\"_blank\" rel=\"noopener noreferrer\">Friedrich Schapper&#8217;s Musiklaboratorium<\/a><\/li>\n<\/ul>\n","protected":false},"excerpt":{"rendered":"<p>\u00a0 10 Jahre Dozent f\u00fcr Musiktheorie, Songwriting, Gitarre und Klavier an der Akademie\u00a0Deutsche Pop \u00a0in Berlin. Privatunterricht und Workshops. Eigene Musikschule:\u00a0Musiklaboratorium Berlin &#8230; &#8230; &#8230; &#8230; Im folgenden m\u00f6chte ich versuchen Dir einen ersten Eindruck \u00fcber meine Unterrichtsphilosophie zu vermitteln und darzustellen, was das besondere an meinem Unterricht ist. Ich bin ein freundlicher und kommunikativer [&hellip;]<\/p>\n","protected":false},"author":1,"featured_media":0,"parent":0,"menu_order":0,"comment_status":"closed","ping_status":"closed","template":"","meta":{"footnotes":""},"_links":{"self":[{"href":"https:\/\/birdproductions.de\/index.php?rest_route=\/wp\/v2\/pages\/84"}],"collection":[{"href":"https:\/\/birdproductions.de\/index.php?rest_route=\/wp\/v2\/pages"}],"about":[{"href":"https:\/\/birdproductions.de\/index.php?rest_route=\/wp\/v2\/types\/page"}],"author":[{"embeddable":true,"href":"https:\/\/birdproductions.de\/index.php?rest_route=\/wp\/v2\/users\/1"}],"replies":[{"embeddable":true,"href":"https:\/\/birdproductions.de\/index.php?rest_route=%2Fwp%2Fv2%2Fcomments&post=84"}],"version-history":[{"count":148,"href":"https:\/\/birdproductions.de\/index.php?rest_route=\/wp\/v2\/pages\/84\/revisions"}],"predecessor-version":[{"id":1478,"href":"https:\/\/birdproductions.de\/index.php?rest_route=\/wp\/v2\/pages\/84\/revisions\/1478"}],"wp:attachment":[{"href":"https:\/\/birdproductions.de\/index.php?rest_route=%2Fwp%2Fv2%2Fmedia&parent=84"}],"curies":[{"name":"wp","href":"https:\/\/api.w.org\/{rel}","templated":true}]}}